{"id":17139,"date":"2023-03-14T13:14:46","date_gmt":"2023-03-14T06:14:46","guid":{"rendered":"https:\/\/mrgroup.com.vn\/?page_id=17139"},"modified":"2023-03-24T16:15:12","modified_gmt":"2023-03-24T09:15:12","slug":"tin-tuc","status":"publish","type":"page","link":"https:\/\/mrgroup.com.vn\/ko\/tin-tuc\/","title":{"rendered":"\ub9c8\ucf13\ud305 \uc815\ubcf4 \ubc0f \ub274\uc2a4"},"content":{"rendered":"<div data-elementor-type=\"wp-page\" data-elementor-id=\"17139\" class=\"elementor elementor-17139\">\n\t\t\t\t\t\t\t\t\t<section class=\"elementor-section elementor-top-section elementor-element elementor-element-7a29bbbe elementor-section-boxed elementor-section-height-default elementor-section-height-default\" data-id=\"7a29bbbe\" data-element_type=\"section\" data-settings=\"{&quot;background_background&quot;:&quot;classic&quot;}\" data-e-bg-lazyload=\".elementor-background-overlay\">\n\t\t\t\t\t\t\t<div class=\"elementor-background-overlay\"><\/div>\n\t\t\t\t\t\t\t<div class=\"elementor-container elementor-column-gap-default\">\n\t\t\t\t\t<div class=\"elementor-column elementor-col-100 elementor-top-column elementor-element elementor-element-2d3bc839\" data-id=\"2d3bc839\" data-element_type=\"column\">\n\t\t\t<div class=\"elementor-widget-wrap elementor-element-populated\">\n\t\t\t\t\t\t\t\t<div class=\"elementor-element elementor-element-22b24ac elementor-widget elementor-widget-heading\" data-id=\"22b24ac\" data-element_type=\"widget\" data-widget_type=\"heading.default\">\n\t\t\t\t<div class=\"elementor-widget-container\">\n\t\t\t<style>\/*! elementor - v3.12.2 - 23-04-2023 *\/\n.elementor-heading-title{padding:0;margin:0;line-height:1}.elementor-widget-heading .elementor-heading-title[class*=elementor-size-]>a{color:inherit;font-size:inherit;line-height:inherit}.elementor-widget-heading .elementor-heading-title.elementor-size-small{font-size:15px}.elementor-widget-heading .elementor-heading-title.elementor-size-medium{font-size:19px}.elementor-widget-heading .elementor-heading-title.elementor-size-large{font-size:29px}.elementor-widget-heading .elementor-heading-title.elementor-size-xl{font-size:39px}.elementor-widget-heading .elementor-heading-title.elementor-size-xxl{font-size:59px}<\/style><h1 class=\"elementor-heading-title elementor-size-default\">\ub9c8\ucf13\ud305 \uc815\ubcf4 \ubc0f \ub274\uc2a4<\/h1>\t\t<\/div>\n\t\t\t\t<\/div>\n\t\t\t\t\t<\/div>\n\t\t<\/div>\n\t\t\t\t\t\t\t<\/div>\n\t\t<\/section>\n\t\t\t\t<section class=\"elementor-section elementor-top-section elementor-element elementor-element-39aa23cf elementor-section-boxed elementor-section-height-default elementor-section-height-default\" data-id=\"39aa23cf\" data-element_type=\"section\" data-settings=\"{&quot;background_background&quot;:&quot;classic&quot;}\">\n\t\t\t\t\t\t<div class=\"elementor-container elementor-column-gap-default\">\n\t\t\t\t\t<div class=\"elementor-column elementor-col-100 elementor-top-column elementor-element elementor-element-59f8066f\" data-id=\"59f8066f\" data-element_type=\"column\">\n\t\t\t<div class=\"elementor-widget-wrap elementor-element-populated\">\n\t\t\t\t\t\t\t\t<div class=\"elementor-element elementor-element-b46b648 elementor-grid-3 elementor-grid-tablet-2 elementor-grid-mobile-1 elementor-posts--thumbnail-top elementor-widget elementor-widget-posts\" data-id=\"b46b648\" data-element_type=\"widget\" data-settings=\"{&quot;pagination_type&quot;:&quot;numbers&quot;,&quot;classic_columns&quot;:&quot;3&quot;,&quot;classic_columns_tablet&quot;:&quot;2&quot;,&quot;classic_columns_mobile&quot;:&quot;1&quot;,&quot;classic_row_gap&quot;:{&quot;unit&quot;:&quot;px&quot;,&quot;size&quot;:35,&quot;sizes&quot;:[]},&quot;classic_row_gap_tablet&quot;:{&quot;unit&quot;:&quot;px&quot;,&quot;size&quot;:&quot;&quot;,&quot;sizes&quot;:[]},&quot;classic_row_gap_mobile&quot;:{&quot;unit&quot;:&quot;px&quot;,&quot;size&quot;:&quot;&quot;,&quot;sizes&quot;:[]}}\" data-widget_type=\"posts.classic\">\n\t\t\t\t<div class=\"elementor-widget-container\">\n\t\t\t<link rel=\"stylesheet\" href=\"https:\/\/mrgroup.com.vn\/wp-content\/plugins\/elementor-pro\/assets\/css\/widget-posts.min.css\">\t\t<div class=\"elementor-posts-container elementor-posts elementor-posts--skin-classic elementor-grid\">\n\t\t\t\t<article class=\"elementor-post elementor-grid-item post-18110 post type-post status-publish format-standard hentry category-tin-tuc\">\n\t\t\t\t<div class=\"elementor-post__text\">\n\t\t\t\t<h3 class=\"elementor-post__title\">\n\t\t\t<a href=\"https:\/\/mrgroup.com.vn\/ko\/tin-tuc\/tieu-de\/\" >\n\t\t\t\tTi\u00eau \u0111\u1ec1 Golf\t\t\t<\/a>\n\t\t<\/h3>\n\t\t\t\t<div class=\"elementor-post__meta-data\">\n\t\t\t\t\t<span class=\"elementor-post-author\">\n\t\t\thoangmme\t\t<\/span>\n\t\t\t\t<span class=\"elementor-post-date\">\n\t\t\t29\/09\/2023\t\t<\/span>\n\t\t\t\t<\/div>\n\t\t\t\t<div class=\"elementor-post__excerpt\">\n\t\t\t<p>Golf n\u00e8<\/p>\n\t\t<\/div>\n\t\t\n\t\t<a class=\"elementor-post__read-more\" href=\"https:\/\/mrgroup.com.vn\/ko\/tin-tuc\/tieu-de\/\" aria-label=\"Read more about Ti\u00eau \u0111\u1ec1 Golf\" >\n\t\t\tXem th\u00eam \u00bb\t\t<\/a>\n\n\t\t\t\t<\/div>\n\t\t\t\t<\/article>\n\t\t\t\t<article class=\"elementor-post elementor-grid-item post-17798 post type-post status-publish format-standard has-post-thumbnail hentry category-tin-tuc tag-group-facebook tag-lap-nhom-facebook tag-nhom-facebook tag-quy-trinh tag-tao-nhom-facebook tag-xay-dung\">\n\t\t\t\t<a class=\"elementor-post__thumbnail__link\" href=\"https:\/\/mrgroup.com.vn\/ko\/tin-tuc\/quy-trinh-xay-dung-1-nhom-facebook\/\" >\n\t\t\t<div class=\"elementor-post__thumbnail\"><img decoding=\"async\" width=\"400\" height=\"233\" src=\"https:\/\/mrgroup.com.vn\/wp-content\/uploads\/2023\/04\/Thiet-ke-chua-co-ten-72-400x233.png\" class=\"attachment-medium size-medium wp-image-17809\" alt=\"\" srcset=\"https:\/\/mrgroup.com.vn\/wp-content\/uploads\/2023\/04\/Thiet-ke-chua-co-ten-72-400x233.png 400w, https:\/\/mrgroup.com.vn\/wp-content\/uploads\/2023\/04\/Thiet-ke-chua-co-ten-72-768x447.png 768w, https:\/\/mrgroup.com.vn\/wp-content\/uploads\/2023\/04\/Thiet-ke-chua-co-ten-72-18x10.png 18w, https:\/\/mrgroup.com.vn\/wp-content\/uploads\/2023\/04\/Thiet-ke-chua-co-ten-72.png 1141w\" sizes=\"(max-width: 400px) 100vw, 400px\" \/><\/div>\n\t\t<\/a>\n\t\t\t\t<div class=\"elementor-post__text\">\n\t\t\t\t<h3 class=\"elementor-post__title\">\n\t\t\t<a href=\"https:\/\/mrgroup.com.vn\/ko\/tin-tuc\/quy-trinh-xay-dung-1-nhom-facebook\/\" >\n\t\t\t\tQUY TR\u00ccNH X\u00c2Y D\u1ef0NG 1 NH\u00d3M FACEBOOK\t\t\t<\/a>\n\t\t<\/h3>\n\t\t\t\t<div class=\"elementor-post__meta-data\">\n\t\t\t\t\t<span class=\"elementor-post-author\">\n\t\t\thoangmme\t\t<\/span>\n\t\t\t\t<span class=\"elementor-post-date\">\n\t\t\t10\/04\/2023\t\t<\/span>\n\t\t\t\t<\/div>\n\t\t\t\t<div class=\"elementor-post__excerpt\">\n\t\t\t<p>Quy tr\u00ecnh x\u00e2y d\u1ef1ng 1 nh\u00f3m Facebook l\u00e0 \u0111i\u1ec1u c\u1ea7n thi\u1ebft \u0111\u1ec3 kinh doanh th\u00e0nh c\u00f4ng v\u00e0 \u0111\u1ea1t hi\u1ec7u t\u1ed1t tr\u00ean thi tr\u01b0\u1eddng c\u1ea1nh tranh<\/p>\n\t\t<\/div>\n\t\t\n\t\t<a class=\"elementor-post__read-more\" href=\"https:\/\/mrgroup.com.vn\/ko\/tin-tuc\/quy-trinh-xay-dung-1-nhom-facebook\/\" aria-label=\"Read more about QUY TR\u00ccNH X\u00c2Y D\u1ef0NG 1 NH\u00d3M FACEBOOK\" >\n\t\t\tXem th\u00eam \u00bb\t\t<\/a>\n\n\t\t\t\t<\/div>\n\t\t\t\t<\/article>\n\t\t\t\t<article class=\"elementor-post elementor-grid-item post-16707 post type-post status-publish format-standard has-post-thumbnail hentry category-tin-tuc\">\n\t\t\t\t<a class=\"elementor-post__thumbnail__link\" href=\"https:\/\/mrgroup.com.vn\/ko\/tin-tuc\/top-cong-ty-thiet-ke-website-uy-tin\/\" >\n\t\t\t<div class=\"elementor-post__thumbnail\"><img decoding=\"async\" width=\"400\" height=\"267\" src=\"https:\/\/mrgroup.com.vn\/wp-content\/uploads\/2022\/12\/website_08-39-54_1200x801-400x267.jpg\" class=\"attachment-medium size-medium wp-image-16719\" alt=\"\" srcset=\"https:\/\/mrgroup.com.vn\/wp-content\/uploads\/2022\/12\/website_08-39-54_1200x801-400x267.jpg 400w, https:\/\/mrgroup.com.vn\/wp-content\/uploads\/2022\/12\/website_08-39-54_1200x801-768x513.jpg 768w, https:\/\/mrgroup.com.vn\/wp-content\/uploads\/2022\/12\/website_08-39-54_1200x801-18x12.jpg 18w, https:\/\/mrgroup.com.vn\/wp-content\/uploads\/2022\/12\/website_08-39-54_1200x801.jpg 1200w\" sizes=\"(max-width: 400px) 100vw, 400px\" \/><\/div>\n\t\t<\/a>\n\t\t\t\t<div class=\"elementor-post__text\">\n\t\t\t\t<h3 class=\"elementor-post__title\">\n\t\t\t<a href=\"https:\/\/mrgroup.com.vn\/ko\/tin-tuc\/top-cong-ty-thiet-ke-website-uy-tin\/\" >\n\t\t\t\t#1 TOP 10 C\u00d4NG TY THI\u1ebeT K\u1ebe WEBSITE UY T\u00cdN, CHUY\u00caN NGHI\u1ec6P T\u1ea0I TH\u00c0NH PH\u1ed0 H\u1ed2 CH\u00cd MINH\t\t\t<\/a>\n\t\t<\/h3>\n\t\t\t\t<div class=\"elementor-post__meta-data\">\n\t\t\t\t\t<span class=\"elementor-post-author\">\n\t\t\tnguyennhu0701@gmail.com\t\t<\/span>\n\t\t\t\t<span class=\"elementor-post-date\">\n\t\t\t01\/12\/2022\t\t<\/span>\n\t\t\t\t<\/div>\n\t\t\t\t<div class=\"elementor-post__excerpt\">\n\t\t\t<p>Website ch\u00ednh l\u00e0 c\u1ea7u n\u00f3i gi\u1eefa doanh ngh\u1ec7p v\u00e0 kh\u00e1ch h\u00e0ng, gi\u00fap qu\u1ea3ng b\u00e1 v\u1ec1 s\u1ea3n ph\u1ea9m\/doanh nghi\u1ec7p, v\u1edbi chi ph\u00ed th\u1ea5p v\u00e0 ti\u1ec7n ti\u1ec7n l\u1ee3i. B\u00ean c\u1ea1nh \u0111\u00f3, kinh doanh th\u00f4ng qua website c\u00f2n m\u1edf r\u1ed9ng c\u01a1 h\u1ed9i t\u00ecm ki\u1ebfm kh\u00e1ch h\u00e0ng, \u0111\u1ed1i t\u00e1c c\u1ee7a doanh nghi\u1ec7p kh\u00f4ng ch\u1ec9 trong n\u01b0\u1edbc m\u00e0 c\u00f2n tr\u00ean ph\u1ea1m vi to\u00e0n c\u1ea7u. Do \u0111\u00f3, vi\u1ec7c m\u1ed7i doanh nghi\u1ec7p s\u1edf h\u1eefu \u00edt nh\u1ea5t m\u1ed9t website l\u00e0 chuy\u1ec7n r\u1ea5t c\u1ea7n thi\u1ebft. Theo nhu c\u1ea7u \u0111\u00f3 c\u00e1c \u0111\u01a1n v\u1ecb thi\u1ebft k\u1ebf website ra \u0111\u1eddi ng\u00e0y c\u00e0ng nhi\u1ec1u d\u1eabn \u0111\u1ebfn vi\u1ec7c kh\u00e1ch h\u00e0ng kh\u00f4ng bi\u1ebft l\u1ef1a ch\u1ecdn \u0111\u01a1n v\u1ecb n\u00e0o cho ph\u00f9 h\u1ee3p. B\u00e0i vi\u1ebft d\u01b0\u1edbi \u0111\u00e2y s\u1ebd \u0111\u1ec1 c\u1eadp \u0111\u1ebfn top 10 c\u00f4ng ty thi\u1ebft k\u1ebf website uy t\u00edn v\u00e0 chuy\u00ean nghi\u1ec7p nh\u1ea5t t\u1ea1i th\u00e0nh ph\u1ed1 H\u1ed3 Ch\u00ed Minh.<\/p>\n\t\t<\/div>\n\t\t\n\t\t<a class=\"elementor-post__read-more\" href=\"https:\/\/mrgroup.com.vn\/ko\/tin-tuc\/top-cong-ty-thiet-ke-website-uy-tin\/\" aria-label=\"Read more about #1 TOP 10 C\u00d4NG TY THI\u1ebeT K\u1ebe WEBSITE UY T\u00cdN, CHUY\u00caN NGHI\u1ec6P T\u1ea0I TH\u00c0NH PH\u1ed0 H\u1ed2 CH\u00cd MINH\" >\n\t\t\tXem th\u00eam \u00bb\t\t<\/a>\n\n\t\t\t\t<\/div>\n\t\t\t\t<\/article>\n\t\t\t\t<article class=\"elementor-post elementor-grid-item post-15454 post type-post status-publish format-standard has-post-thumbnail hentry category-tin-tuc tag-bai-viet tag-chi-phi tag-content-marketing tag-domain tag-hosting tag-landingpage tag-noi-dung tag-video tag-website\">\n\t\t\t\t<a class=\"elementor-post__thumbnail__link\" href=\"https:\/\/mrgroup.com.vn\/ko\/tin-tuc\/chi-phi-lam-01-website-la-bao-nhieu\/\" >\n\t\t\t<div class=\"elementor-post__thumbnail\"><img decoding=\"async\" width=\"400\" height=\"200\" src=\"https:\/\/mrgroup.com.vn\/wp-content\/uploads\/2022\/10\/3-400x200.png\" class=\"attachment-medium size-medium wp-image-15455\" alt=\"mr group\" srcset=\"https:\/\/mrgroup.com.vn\/wp-content\/uploads\/2022\/10\/3-400x200.png 400w, https:\/\/mrgroup.com.vn\/wp-content\/uploads\/2022\/10\/3-1300x650.png 1300w, https:\/\/mrgroup.com.vn\/wp-content\/uploads\/2022\/10\/3-768x384.png 768w, https:\/\/mrgroup.com.vn\/wp-content\/uploads\/2022\/10\/3-1536x768.png 1536w, https:\/\/mrgroup.com.vn\/wp-content\/uploads\/2022\/10\/3-2048x1024.png 2048w\" sizes=\"(max-width: 400px) 100vw, 400px\" \/><\/div>\n\t\t<\/a>\n\t\t\t\t<div class=\"elementor-post__text\">\n\t\t\t\t<h3 class=\"elementor-post__title\">\n\t\t\t<a href=\"https:\/\/mrgroup.com.vn\/ko\/tin-tuc\/chi-phi-lam-01-website-la-bao-nhieu\/\" >\n\t\t\t\tC\u00e1c th\u00e0nh ph\u1ea7n c\u01a1 b\u1ea3n c\u1ee7a m\u1ed9t Website. Chi ph\u00ed l\u00e0m 01 Website l\u00e0 bao nhi\u00eau?\t\t\t<\/a>\n\t\t<\/h3>\n\t\t\t\t<div class=\"elementor-post__meta-data\">\n\t\t\t\t\t<span class=\"elementor-post-author\">\n\t\t\tsuznguyen15042000@gmail.com\t\t<\/span>\n\t\t\t\t<span class=\"elementor-post-date\">\n\t\t\t28\/10\/2022\t\t<\/span>\n\t\t\t\t<\/div>\n\t\t\t\t<div class=\"elementor-post__excerpt\">\n\t\t\t<p>Chi ph\u00ed duy tr\u00ec t\u00ean mi\u1ec1n website cao hay th\u1ea5p ph\u1ee5 thu\u1ed9c n\u00f3 l\u00e0 t\u00ean mi\u1ec1n g\u00ec, t\u00ean mi\u1ec1n qu\u1ed1c t\u1ebf hay t\u00ean mi\u1ec1n Vi\u1ec7t Nam. Chi ph\u00ed duy tr\u00ec hosting cao hay th\u1ea5p th\u00ec ph\u1ee5 thu\u1ed9c v\u00e0o dung l\u01b0\u1ee3ng, b\u0103ng th\u00f4ng, t\u1ed1c \u0111\u1ed9, s\u1ed1 l\u01b0\u1ee3ng ng\u01b0\u1eddi truy c\u1eadp v\u00e0o website c\u1ee7a g\u00f3i hosting. Khi thi\u1ebft k\u1ebf website, c\u00e1c c\u00f4ng ty s\u1ebd t\u01b0 v\u1ea5n v\u00e0 th\u1ed1ng nh\u1ea5t v\u1edbi b\u1ea1n v\u1ec1 c\u00e1c n\u1ed9i dung n\u00e0y.<\/p>\n\t\t<\/div>\n\t\t\n\t\t<a class=\"elementor-post__read-more\" href=\"https:\/\/mrgroup.com.vn\/ko\/tin-tuc\/chi-phi-lam-01-website-la-bao-nhieu\/\" aria-label=\"Read more about C\u00e1c th\u00e0nh ph\u1ea7n c\u01a1 b\u1ea3n c\u1ee7a m\u1ed9t Website. Chi ph\u00ed l\u00e0m 01 Website l\u00e0 bao nhi\u00eau?\" >\n\t\t\tXem th\u00eam \u00bb\t\t<\/a>\n\n\t\t\t\t<\/div>\n\t\t\t\t<\/article>\n\t\t\t\t<article class=\"elementor-post elementor-grid-item post-12705 post type-post status-publish format-standard has-post-thumbnail hentry category-tin-tuc tag-cach-tao-landing-page tag-lam-landing-page tag-landing-page tag-landing-page-khac-gi-website tag-landingpage tag-mau-landing-page-dep tag-mau-landing-page-free tag-mrgroup tag-tao-landing-page tag-website\">\n\t\t\t\t<a class=\"elementor-post__thumbnail__link\" href=\"https:\/\/mrgroup.com.vn\/ko\/tin-tuc\/dang-ky-landing-page-mien-phi\/\" >\n\t\t\t<div class=\"elementor-post__thumbnail\"><img decoding=\"async\" width=\"400\" height=\"267\" src=\"https:\/\/mrgroup.com.vn\/wp-content\/uploads\/2022\/09\/image-7-400x267.png\" class=\"attachment-medium size-medium wp-image-15301\" alt=\"\" srcset=\"https:\/\/mrgroup.com.vn\/wp-content\/uploads\/2022\/09\/image-7-400x267.png 400w, https:\/\/mrgroup.com.vn\/wp-content\/uploads\/2022\/09\/image-7-768x512.png 768w, https:\/\/mrgroup.com.vn\/wp-content\/uploads\/2022\/09\/image-7.png 975w\" sizes=\"(max-width: 400px) 100vw, 400px\" \/><\/div>\n\t\t<\/a>\n\t\t\t\t<div class=\"elementor-post__text\">\n\t\t\t\t<h3 class=\"elementor-post__title\">\n\t\t\t<a href=\"https:\/\/mrgroup.com.vn\/ko\/tin-tuc\/dang-ky-landing-page-mien-phi\/\" >\n\t\t\t\t\u0110\u0103ng k\u00fd t\u00e0i kho\u1ea3n Landing Page mi\u1ec5n ph\u00ed c\u1ee7a Mr Group 2023\t\t\t<\/a>\n\t\t<\/h3>\n\t\t\t\t<div class=\"elementor-post__meta-data\">\n\t\t\t\t\t<span class=\"elementor-post-author\">\n\t\t\tsuznguyen15042000@gmail.com\t\t<\/span>\n\t\t\t\t<span class=\"elementor-post-date\">\n\t\t\t27\/10\/2022\t\t<\/span>\n\t\t\t\t<\/div>\n\t\t\t\t<div class=\"elementor-post__excerpt\">\n\t\t\t<p>\u0110\u0103ng k\u00fd t\u00e0i kho\u1ea3n Landing page mi\u1ec5n ph\u00ed c\u1ee7a Mr Group<\/p>\n\t\t<\/div>\n\t\t\n\t\t<a class=\"elementor-post__read-more\" href=\"https:\/\/mrgroup.com.vn\/ko\/tin-tuc\/dang-ky-landing-page-mien-phi\/\" aria-label=\"Read more about \u0110\u0103ng k\u00fd t\u00e0i kho\u1ea3n Landing Page mi\u1ec5n ph\u00ed c\u1ee7a Mr Group 2023\" >\n\t\t\tXem th\u00eam \u00bb\t\t<\/a>\n\n\t\t\t\t<\/div>\n\t\t\t\t<\/article>\n\t\t\t\t<article class=\"elementor-post elementor-grid-item post-15297 post type-post status-publish format-standard has-post-thumbnail hentry category-tin-tuc tag-bai-viet tag-bog tag-content tag-content-marketing tag-ebook tag-email tag-infographics tag-noi-dung tag-social-media tag-video\">\n\t\t\t\t<a class=\"elementor-post__thumbnail__link\" href=\"https:\/\/mrgroup.com.vn\/ko\/tin-tuc\/viet-content-marketing-thu-hut\/\" >\n\t\t\t<div class=\"elementor-post__thumbnail\"><img decoding=\"async\" width=\"188\" height=\"300\" src=\"https:\/\/mrgroup.com.vn\/wp-content\/uploads\/2022\/09\/anh-bia-7-188x300.jpg\" class=\"attachment-medium size-medium wp-image-15302\" alt=\"\" srcset=\"https:\/\/mrgroup.com.vn\/wp-content\/uploads\/2022\/09\/anh-bia-7-188x300.jpg 188w, https:\/\/mrgroup.com.vn\/wp-content\/uploads\/2022\/09\/anh-bia-7-502x800.jpg 502w, https:\/\/mrgroup.com.vn\/wp-content\/uploads\/2022\/09\/anh-bia-7-768x1223.jpg 768w, https:\/\/mrgroup.com.vn\/wp-content\/uploads\/2022\/09\/anh-bia-7-964x1536.jpg 964w, https:\/\/mrgroup.com.vn\/wp-content\/uploads\/2022\/09\/anh-bia-7-1286x2048.jpg 1286w, https:\/\/mrgroup.com.vn\/wp-content\/uploads\/2022\/09\/anh-bia-7-scaled.jpg 1607w\" sizes=\"(max-width: 188px) 100vw, 188px\" \/><\/div>\n\t\t<\/a>\n\t\t\t\t<div class=\"elementor-post__text\">\n\t\t\t\t<h3 class=\"elementor-post__title\">\n\t\t\t<a href=\"https:\/\/mrgroup.com.vn\/ko\/tin-tuc\/viet-content-marketing-thu-hut\/\" >\n\t\t\t\t#1 CONTENT MARKETING L\u00c0 G\u00cc? L\u00c0M SAO \u0110\u1ec2 VI\u1ebeT CONTENT MARKETING THU H\u00daT?\t\t\t<\/a>\n\t\t<\/h3>\n\t\t\t\t<div class=\"elementor-post__meta-data\">\n\t\t\t\t\t<span class=\"elementor-post-author\">\n\t\t\tnguyennhu0701@gmail.com\t\t<\/span>\n\t\t\t\t<span class=\"elementor-post-date\">\n\t\t\t22\/09\/2022\t\t<\/span>\n\t\t\t\t<\/div>\n\t\t\t\t<div class=\"elementor-post__excerpt\">\n\t\t\t<p>\u0110\u1ec3 kinh doanh th\u00e0nh c\u00f4ng v\u00e0 \u0111\u1ea1t hi\u1ec7u t\u1ed1t tr\u00ean thi tr\u01b0\u1eddng c\u1ea1nh tranh kh\u1ed1c li\u1ec7t nh\u01b0 hi\u1ec7n nay c\u00e1c doanh nghi\u1ec7p c\u1ea7n truy\u1ec1n t\u1ea3i \u0111\u1ebfn ng\u01b0\u1eddi d\u00f9ng nh\u1eefng Content hay v\u00e0 ch\u1ea5t l\u01b0\u1ee3ng. V\u1eady l\u00e0m th\u1ebf n\u00e0o \u0111\u1ec3 Content Marketing c\u1ee7a b\u1ea1n tr\u1edf n\u00ean h\u1ea5p d\u1eabn v\u00e0 thu h\u00fat? C\u00f9ng Mr.Group t\u00ecm hi\u1ec3u ngay nh\u00e9!<\/p>\n\t\t<\/div>\n\t\t\n\t\t<a class=\"elementor-post__read-more\" href=\"https:\/\/mrgroup.com.vn\/ko\/tin-tuc\/viet-content-marketing-thu-hut\/\" aria-label=\"Read more about #1 CONTENT MARKETING L\u00c0 G\u00cc? L\u00c0M SAO \u0110\u1ec2 VI\u1ebeT CONTENT MARKETING THU H\u00daT?\" >\n\t\t\tXem th\u00eam \u00bb\t\t<\/a>\n\n\t\t\t\t<\/div>\n\t\t\t\t<\/article>\n\t\t\t\t<\/div>\n\t\t\n\t\t\t\t<div class=\"e-load-more-anchor\" data-page=\"1\" data-max-page=\"12\" data-next-page=\"https:\/\/mrgroup.com.vn\/ko\/wp-json\/wp\/v2\/pages\/17139\/page\/2\/\"><\/div>\n\t\t\t\t<nav class=\"elementor-pagination\" aria-label=\"Pagination\">\n\t\t\t<span aria-current=\"page\" class=\"page-numbers current\"><span class=\"elementor-screen-only\">Page<\/span>1<\/span>\n<a class=\"page-numbers\" href=\"https:\/\/mrgroup.com.vn\/ko\/wp-json\/wp\/v2\/pages\/17139\/page\/2\/\"><span class=\"elementor-screen-only\">Page<\/span>2<\/a>\n<a class=\"page-numbers\" href=\"https:\/\/mrgroup.com.vn\/ko\/wp-json\/wp\/v2\/pages\/17139\/page\/3\/\"><span class=\"elementor-screen-only\">Page<\/span>3<\/a>\n<a class=\"page-numbers\" href=\"https:\/\/mrgroup.com.vn\/ko\/wp-json\/wp\/v2\/pages\/17139\/page\/4\/\"><span class=\"elementor-screen-only\">Page<\/span>4<\/a>\n<a class=\"page-numbers\" href=\"https:\/\/mrgroup.com.vn\/ko\/wp-json\/wp\/v2\/pages\/17139\/page\/5\/\"><span class=\"elementor-screen-only\">Page<\/span>5<\/a>\t\t<\/nav>\n\t\t\t\t<\/div>\n\t\t\t\t<\/div>\n\t\t\t\t\t<\/div>\n\t\t<\/div>\n\t\t\t\t\t\t\t<\/div>\n\t\t<\/section>\n\t\t\t\t\t\t\t<\/div>","protected":false},"excerpt":{"rendered":"<p>\ub9c8\ucf13\ud305 \uc815\ubcf4 \ubc0f \ub274\uc2a4<\/p>","protected":false},"author":1,"featured_media":0,"parent":0,"menu_order":0,"comment_status":"closed","ping_status":"closed","template":"","meta":{"footnotes":""},"class_list":["post-17139","page","type-page","status-publish","hentry"],"acf":[],"_links":{"self":[{"href":"https:\/\/mrgroup.com.vn\/ko\/wp-json\/wp\/v2\/pages\/17139","targetHints":{"allow":["GET"]}}],"collection":[{"href":"https:\/\/mrgroup.com.vn\/ko\/wp-json\/wp\/v2\/pages"}],"about":[{"href":"https:\/\/mrgroup.com.vn\/ko\/wp-json\/wp\/v2\/types\/page"}],"author":[{"embeddable":true,"href":"https:\/\/mrgroup.com.vn\/ko\/wp-json\/wp\/v2\/users\/1"}],"replies":[{"embeddable":true,"href":"https:\/\/mrgroup.com.vn\/ko\/wp-json\/wp\/v2\/comments?post=17139"}],"version-history":[{"count":28,"href":"https:\/\/mrgroup.com.vn\/ko\/wp-json\/wp\/v2\/pages\/17139\/revisions"}],"predecessor-version":[{"id":17670,"href":"https:\/\/mrgroup.com.vn\/ko\/wp-json\/wp\/v2\/pages\/17139\/revisions\/17670"}],"wp:attachment":[{"href":"https:\/\/mrgroup.com.vn\/ko\/wp-json\/wp\/v2\/media?parent=17139"}],"curies":[{"name":"wp","href":"https:\/\/api.w.org\/{rel}","templated":true}]}}